{"id":403,"date":"2025-02-14T11:55:41","date_gmt":"2025-02-14T10:55:41","guid":{"rendered":"https:\/\/www.marecekindustrie.cz\/?page_id=403"},"modified":"2025-02-14T13:33:30","modified_gmt":"2025-02-14T12:33:30","slug":"allgemeine-geschaeftsbedingungen","status":"publish","type":"page","link":"http:\/\/www.marecekindustrie.cz\/de\/allgemeine-geschaeftsbedingungen","title":{"rendered":"Allgemeine Gesch\u00e4ftsbedingungen"},"content":{"rendered":"\n<p><em>Letzte Aktualisierung: 14. Februar 2025<\/em><\/p>\n\n\n\n<h3 class=\"wp-block-heading\">1. Einleitung<\/h3>\n\n\n\n<p>Diese Bedingungen gelten f\u00fcr diese Website und f\u00fcr Transaktionen im Zusammenhang mit unseren Produkten und Dienstleistungen. Sie k\u00f6nnen durch zus\u00e4tzliche Vereinbarungen in Bezug auf Ihre Beziehung zu uns oder auf Produkte oder Dienstleistungen, die Sie von uns erhalten, gebunden sein. Falls Bestimmungen zus\u00e4tzlicher Vereinbarungen mit Bestimmungen dieser Bedingungen kollidieren, haben die Bestimmungen der zus\u00e4tzlichen Vereinbarungen Vorrang.<\/p>\n\n\n\n<h3 class=\"wp-block-heading\">2. Verbindliche Vereinbarung<\/h3>\n\n\n\n<p>Durch die Registrierung, den Zugriff oder die anderweitige Nutzung dieser Website erkl\u00e4ren Sie sich mit den unten aufgef\u00fchrten Bedingungen einverstanden. Die blo\u00dfe Nutzung dieser Website bedeutet, dass Sie diese Bedingungen kennen und akzeptieren. In bestimmten F\u00e4llen k\u00f6nnen wir Sie um eine ausdr\u00fcckliche Zustimmung bitten.<\/p>\n\n\n\n<h3 class=\"wp-block-heading\">3. Elektronische Kommunikation<\/h3>\n\n\n\n<p>Durch die Nutzung dieser Website oder die Kommunikation mit uns auf elektronischem Wege erkl\u00e4ren Sie sich damit einverstanden und erkennen an, dass wir mit Ihnen elektronisch \u00fcber unsere Website oder per E-Mail kommunizieren k\u00f6nnen. Sie stimmen zu, dass alle Vereinbarungen, Mitteilungen, Offenlegungen und andere Kommunikationen, die wir Ihnen elektronisch zur Verf\u00fcgung stellen, alle gesetzlichen Anforderungen erf\u00fcllen, einschlie\u00dflich, aber nicht beschr\u00e4nkt auf die Anforderung, dass solche Kommunikationen schriftlich erfolgen.<\/p>\n\n\n\n<h3 class=\"wp-block-heading\">4. Geistiges Eigentum<\/h3>\n\n\n\n<p>Wir oder unsere Lizenzgeber besitzen und kontrollieren alle Urheberrechte und sonstigen geistigen Eigentumsrechte an der Website sowie an den auf der Website angezeigten oder zug\u00e4nglichen Daten, Informationen und anderen Ressourcen.<\/p>\n\n\n\n<h4 class=\"wp-block-heading\">4.1 Alle Rechte vorbehalten<\/h4>\n\n\n\n<p>Sofern bestimmte Inhalte nichts anderes angeben, wird Ihnen keine Lizenz oder ein anderes Recht unter Urheberrechten, Marken, Patenten oder anderen geistigen Eigentumsrechten gew\u00e4hrt. Dies bedeutet, dass Sie keine Ressourcen auf dieser Website ohne unsere vorherige schriftliche Genehmigung nutzen, kopieren, vervielf\u00e4ltigen, auff\u00fchren, anzeigen, verteilen, in elektronische Medien integrieren, \u00e4ndern, zur\u00fcckentwickeln, dekompilieren, \u00fcbertragen, herunterladen, monetarisieren, verkaufen, anbieten oder kommerzialisieren d\u00fcrfen, au\u00dfer und nur in dem Umfang, wie es in zwingenden gesetzlichen Vorschriften (z. B. dem Zitatrecht) vorgesehen ist.<\/p>\n\n\n\n<h3 class=\"wp-block-heading\">5. Eigentum Dritter<\/h3>\n\n\n\n<p>Unsere Website kann Hyperlinks oder andere Verweise auf Websites Dritter enthalten. Wir \u00fcberwachen oder \u00fcberpr\u00fcfen den Inhalt der verlinkten Websites Dritter nicht. Produkte oder Dienstleistungen, die von anderen Websites angeboten werden, unterliegen den geltenden Gesch\u00e4ftsbedingungen dieser Dritten. Wir teilen oder unterst\u00fctzen nicht notwendigerweise die Meinungen oder Materialien, die auf solchen Websites erscheinen.<\/p>\n\n\n\n<p>Wir sind nicht verantwortlich f\u00fcr die Datenschutzpraktiken oder Inhalte dieser Websites. Sie \u00fcbernehmen alle Risiken im Zusammenhang mit der Nutzung solcher Websites und aller damit verbundenen Dienste Dritter. Wir \u00fcbernehmen keine Haftung f\u00fcr Verluste oder Sch\u00e4den, die in irgendeiner Weise durch Ihre Offenlegung pers\u00f6nlicher Informationen an Dritte entstehen.<\/p>\n\n\n\n<h3 class=\"wp-block-heading\">6. Verantwortungsvolle Nutzung<\/h3>\n\n\n\n<p>Durch den Besuch unserer Website erkl\u00e4ren Sie sich damit einverstanden, sie nur f\u00fcr die beabsichtigten Zwecke und in \u00dcbereinstimmung mit diesen Bedingungen, etwaigen zus\u00e4tzlichen Vereinbarungen mit uns sowie den geltenden Gesetzen, Vorschriften und allgemein anerkannten Online-Praktiken und Branchenrichtlinien zu nutzen. Sie d\u00fcrfen unsere Website oder Dienstleistungen nicht nutzen, um Material zu verwenden, zu ver\u00f6ffentlichen oder zu verbreiten, das sch\u00e4dliche Computersoftware enth\u00e4lt (oder damit verkn\u00fcpft ist); Daten von unserer Website f\u00fcr Direktmarketingzwecke zu sammeln oder systematische oder automatisierte Datenerfassungsaktivit\u00e4ten auf oder in Verbindung mit unserer Website durchzuf\u00fchren.<\/p>\n\n\n\n<p>Jegliche T\u00e4tigkeit, die Sch\u00e4den an der Website verursacht oder verursachen kann oder die Leistung, Verf\u00fcgbarkeit oder Zug\u00e4nglichkeit der Website beeintr\u00e4chtigt, ist strengstens untersagt.<\/p>\n\n\n\n<h3 class=\"wp-block-heading\">7. Einreichung von Ideen<\/h3>\n\n\n\n<p>Bitte senden Sie uns keine Ideen, Erfindungen, urheberrechtlich gesch\u00fctzten Werke oder andere Informationen, die als Ihr geistiges Eigentum gelten k\u00f6nnten, es sei denn, wir haben zuvor eine Vereinbarung \u00fcber geistiges Eigentum oder eine Geheimhaltungsvereinbarung unterzeichnet. Wenn Sie uns solche Informationen ohne eine solche schriftliche Vereinbarung offenlegen, gew\u00e4hren Sie uns eine weltweite, unwiderrufliche, nicht-exklusive, geb\u00fchrenfreie Lizenz zur Nutzung, Reproduktion, Speicherung, Anpassung, Ver\u00f6ffentlichung, \u00dcbersetzung und Verbreitung Ihrer Inhalte in allen bestehenden oder zuk\u00fcnftigen Medien.<\/p>\n\n\n\n<h3 class=\"wp-block-heading\">8. Beendigung der Nutzung<\/h3>\n\n\n\n<p>Nach unserem alleinigen Ermessen k\u00f6nnen wir den Zugriff auf die Website oder eine darauf angebotene Dienstleistung jederzeit \u00e4ndern oder vor\u00fcbergehend oder dauerhaft einstellen. Sie erkl\u00e4ren sich damit einverstanden, dass wir Ihnen oder Dritten gegen\u00fcber nicht f\u00fcr \u00c4nderungen, Aussetzungen oder die Einstellung Ihres Zugriffs auf die Website oder deren Nutzung haften. Sie haben keinen Anspruch auf Entsch\u00e4digung oder sonstige Zahlungen, selbst wenn bestimmte Funktionen, Einstellungen und\/oder Inhalte, die Sie beigetragen oder auf die Sie sich verlassen haben, dauerhaft verloren gehen. Sie d\u00fcrfen keine Ma\u00dfnahmen zur Umgehung oder Umgehung von Zugangsbeschr\u00e4nkungen auf unserer Website ergreifen oder versuchen, diese zu umgehen.<\/p>\n\n\n\n<h3 class=\"wp-block-heading\">9. Gew\u00e4hrleistungen und Haftung<\/h3>\n\n\n\n<p>Diese Website und alle Inhalte darauf werden &#8220;wie besehen&#8221; und &#8220;wie verf\u00fcgbar&#8221; bereitgestellt und k\u00f6nnen Ungenauigkeiten oder typografische Fehler enthalten. Wir lehnen ausdr\u00fccklich jegliche Gew\u00e4hrleistung jeglicher Art, ob ausdr\u00fccklich oder stillschweigend, hinsichtlich der Verf\u00fcgbarkeit, Genauigkeit oder Vollst\u00e4ndigkeit der Inhalte ab. Wir \u00fcbernehmen keine Gew\u00e4hr daf\u00fcr, dass:<\/p>\n\n\n\n<ul class=\"wp-block-list\">\n<li>diese Website oder ihre Inhalte Ihren Anforderungen entsprechen;<\/li>\n\n\n\n<li>diese Website kontinuierlich, rechtzeitig, sicher oder fehlerfrei verf\u00fcgbar sein wird.<\/li>\n<\/ul>\n\n\n\n<h3 class=\"wp-block-heading\">10. Datenschutz<\/h3>\n\n\n\n<p>Um auf unsere Website und\/oder Dienstleistungen zugreifen zu k\u00f6nnen, m\u00fcssen Sie m\u00f6glicherweise im Rahmen des Registrierungsprozesses bestimmte Informationen \u00fcber sich selbst bereitstellen. Wir nehmen Ihre pers\u00f6nlichen Daten ernst und verpflichten uns, Ihre Privatsph\u00e4re zu sch\u00fctzen.<\/p>\n\n\n\n<p>Bitte lesen Sie unsere Datenschutzerkl\u00e4rung und unsere Cookie-Richtlinie f\u00fcr weitere Details.<\/p>\n\n\n\n<h3 class=\"wp-block-heading\">11. Kontaktinformationen<\/h3>\n\n\n\n<p>Diese Website wird betrieben von&nbsp;<strong>Mare\u010dek Industrie s.r.o.<\/strong>.<\/p>\n\n\n\n<p>Sie k\u00f6nnen uns in Bezug auf diese Bedingungen schriftlich oder per E-Mail kontaktieren:<\/p>\n\n\n\n<p>E-Mail:&nbsp;<a>office@marecek-industrie.cz<\/a><br>Adresse: Svatoj\u00e1nsk\u00e1 465, Tel\u010d-Star\u00e9 M\u011bsto, 588&nbsp;56 Tel\u010d<\/p>\n\n\n\n<h3 class=\"wp-block-heading\">12. Herunterladen<\/h3>\n\n\n\n<p>Sie k\u00f6nnen unsere Allgemeinen Gesch\u00e4ftsbedingungen auch als PDF herunterladen.<\/p>\n","protected":false},"excerpt":{"rendered":"<p>Letzte Aktualisierung: 14. Februar 2025&nbsp;1. Einleitung Diese Bedingungen gelten f\u00fcr diese Website und f\u00fcr Transaktionen im Zusammenhang mit unseren Produkten und Dienstleistungen. Sie k\u00f6nnen durch zus\u00e4tzliche Vereinbarungen in Bezug auf Ihre &#8230;<\/p>\n","protected":false},"author":2,"featured_media":0,"parent":0,"menu_order":0,"comment_status":"closed","ping_status":"closed","template":"page-templates\/page-default.php","meta":{"_acf_changed":false,"footnotes":""},"class_list":["post-403","page","type-page","status-publish","hentry"],"acf":[],"yoast_head":"<!-- This site is optimized with the Yoast SEO plugin v24.4 - https:\/\/yoast.com\/wordpress\/plugins\/seo\/ -->\n<title>Allgemeine Gesch\u00e4ftsbedingungen &#8212; Mare\u010dek Industrie s.r.o.<\/title>\n<meta name=\"robots\" content=\"index, follow, max-snippet:-1, max-image-preview:large, max-video-preview:-1\" \/>\n<link rel=\"canonical\" href=\"http:\/\/www.marecekindustrie.cz\/de\/allgemeine-geschaeftsbedingungen\" \/>\n<meta property=\"og:locale\" content=\"de_DE\" \/>\n<meta property=\"og:type\" content=\"article\" \/>\n<meta property=\"og:title\" content=\"Allgemeine Gesch\u00e4ftsbedingungen &#8212; Mare\u010dek Industrie s.r.o.\" \/>\n<meta property=\"og:description\" content=\"Letzte Aktualisierung: 14. Februar 2025 1. Einleitung Diese Bedingungen gelten f\u00fcr diese Website und f\u00fcr Transaktionen im Zusammenhang mit unseren Produkten und Dienstleistungen. Sie k\u00f6nnen durch zus\u00e4tzliche Vereinbarungen in Bezug auf Ihre ...\" \/>\n<meta property=\"og:url\" content=\"http:\/\/www.marecekindustrie.cz\/de\/allgemeine-geschaeftsbedingungen\" \/>\n<meta property=\"og:site_name\" content=\"Mare\u010dek Industrie s.r.o.\" \/>\n<meta property=\"article:modified_time\" content=\"2025-02-14T12:33:30+00:00\" \/>\n<meta property=\"og:image\" content=\"http:\/\/www.marecekindustrie.cz\/wp-content\/uploads\/2025\/02\/obrazek-marecek-industrie.jpg\" \/>\n\t<meta property=\"og:image:width\" content=\"1200\" \/>\n\t<meta property=\"og:image:height\" content=\"675\" \/>\n\t<meta property=\"og:image:type\" content=\"image\/jpeg\" \/>\n<meta name=\"twitter:card\" content=\"summary_large_image\" \/>\n<meta name=\"twitter:label1\" content=\"Est. reading time\" \/>\n\t<meta name=\"twitter:data1\" content=\"5 minutes\" \/>\n<script type=\"application\/ld+json\" class=\"yoast-schema-graph\">{\"@context\":\"https:\/\/schema.org\",\"@graph\":[{\"@type\":\"WebPage\",\"@id\":\"http:\/\/www.marecekindustrie.cz\/de\/allgemeine-geschaeftsbedingungen\",\"url\":\"http:\/\/www.marecekindustrie.cz\/de\/allgemeine-geschaeftsbedingungen\",\"name\":\"Allgemeine Gesch\u00e4ftsbedingungen &#8212; Mare\u010dek Industrie s.r.o.\",\"isPartOf\":{\"@id\":\"http:\/\/www.marecekindustrie.cz\/de#website\"},\"datePublished\":\"2025-02-14T10:55:41+00:00\",\"dateModified\":\"2025-02-14T12:33:30+00:00\",\"breadcrumb\":{\"@id\":\"http:\/\/www.marecekindustrie.cz\/de\/allgemeine-geschaeftsbedingungen#breadcrumb\"},\"inLanguage\":\"de-DE\",\"potentialAction\":[{\"@type\":\"ReadAction\",\"target\":[\"http:\/\/www.marecekindustrie.cz\/de\/allgemeine-geschaeftsbedingungen\"]}]},{\"@type\":\"BreadcrumbList\",\"@id\":\"http:\/\/www.marecekindustrie.cz\/de\/allgemeine-geschaeftsbedingungen#breadcrumb\",\"itemListElement\":[{\"@type\":\"ListItem\",\"position\":1,\"name\":\"Dom\u016f\",\"item\":\"http:\/\/www.marecekindustrie.cz\/de\"},{\"@type\":\"ListItem\",\"position\":2,\"name\":\"Allgemeine Gesch\u00e4ftsbedingungen\"}]},{\"@type\":\"WebSite\",\"@id\":\"http:\/\/www.marecekindustrie.cz\/de#website\",\"url\":\"http:\/\/www.marecekindustrie.cz\/de\",\"name\":\"Mare\u010dek Industrie s.r.o.\",\"description\":\"marecek, industrie, rafinerie, telc, zamecnicke prace, servisni prace\",\"publisher\":{\"@id\":\"http:\/\/www.marecekindustrie.cz\/de#organization\"},\"alternateName\":\"Marecek Industrie\",\"potentialAction\":[{\"@type\":\"SearchAction\",\"target\":{\"@type\":\"EntryPoint\",\"urlTemplate\":\"http:\/\/www.marecekindustrie.cz\/de?s={search_term_string}\"},\"query-input\":{\"@type\":\"PropertyValueSpecification\",\"valueRequired\":true,\"valueName\":\"search_term_string\"}}],\"inLanguage\":\"de-DE\"},{\"@type\":\"Organization\",\"@id\":\"http:\/\/www.marecekindustrie.cz\/de#organization\",\"name\":\"Mare\u010dek Industrie\",\"url\":\"http:\/\/www.marecekindustrie.cz\/de\",\"logo\":{\"@type\":\"ImageObject\",\"inLanguage\":\"de-DE\",\"@id\":\"http:\/\/www.marecekindustrie.cz\/de#\/schema\/logo\/image\/\",\"url\":\"https:\/\/www.marecekindustrie.cz\/wp-content\/uploads\/2025\/02\/1719403160_marecekindustrie-logo.png\",\"contentUrl\":\"https:\/\/www.marecekindustrie.cz\/wp-content\/uploads\/2025\/02\/1719403160_marecekindustrie-logo.png\",\"width\":1240,\"height\":1240,\"caption\":\"Mare\u010dek Industrie\"},\"image\":{\"@id\":\"http:\/\/www.marecekindustrie.cz\/de#\/schema\/logo\/image\/\"}}]}<\/script>\n<!-- \/ Yoast SEO plugin. -->","yoast_head_json":{"title":"Allgemeine Gesch\u00e4ftsbedingungen &#8212; Mare\u010dek Industrie s.r.o.","robots":{"index":"index","follow":"follow","max-snippet":"max-snippet:-1","max-image-preview":"max-image-preview:large","max-video-preview":"max-video-preview:-1"},"canonical":"http:\/\/www.marecekindustrie.cz\/de\/allgemeine-geschaeftsbedingungen","og_locale":"de_DE","og_type":"article","og_title":"Allgemeine Gesch\u00e4ftsbedingungen &#8212; Mare\u010dek Industrie s.r.o.","og_description":"Letzte Aktualisierung: 14. Februar 2025 1. Einleitung Diese Bedingungen gelten f\u00fcr diese Website und f\u00fcr Transaktionen im Zusammenhang mit unseren Produkten und Dienstleistungen. Sie k\u00f6nnen durch zus\u00e4tzliche Vereinbarungen in Bezug auf Ihre ...","og_url":"http:\/\/www.marecekindustrie.cz\/de\/allgemeine-geschaeftsbedingungen","og_site_name":"Mare\u010dek Industrie s.r.o.","article_modified_time":"2025-02-14T12:33:30+00:00","og_image":[{"width":1200,"height":675,"url":"http:\/\/www.marecekindustrie.cz\/wp-content\/uploads\/2025\/02\/obrazek-marecek-industrie.jpg","type":"image\/jpeg"}],"twitter_card":"summary_large_image","twitter_misc":{"Est. reading time":"5 minutes"},"schema":{"@context":"https:\/\/schema.org","@graph":[{"@type":"WebPage","@id":"http:\/\/www.marecekindustrie.cz\/de\/allgemeine-geschaeftsbedingungen","url":"http:\/\/www.marecekindustrie.cz\/de\/allgemeine-geschaeftsbedingungen","name":"Allgemeine Gesch\u00e4ftsbedingungen &#8212; Mare\u010dek Industrie s.r.o.","isPartOf":{"@id":"http:\/\/www.marecekindustrie.cz\/de#website"},"datePublished":"2025-02-14T10:55:41+00:00","dateModified":"2025-02-14T12:33:30+00:00","breadcrumb":{"@id":"http:\/\/www.marecekindustrie.cz\/de\/allgemeine-geschaeftsbedingungen#breadcrumb"},"inLanguage":"de-DE","potentialAction":[{"@type":"ReadAction","target":["http:\/\/www.marecekindustrie.cz\/de\/allgemeine-geschaeftsbedingungen"]}]},{"@type":"BreadcrumbList","@id":"http:\/\/www.marecekindustrie.cz\/de\/allgemeine-geschaeftsbedingungen#breadcrumb","itemListElement":[{"@type":"ListItem","position":1,"name":"Dom\u016f","item":"http:\/\/www.marecekindustrie.cz\/de"},{"@type":"ListItem","position":2,"name":"Allgemeine Gesch\u00e4ftsbedingungen"}]},{"@type":"WebSite","@id":"http:\/\/www.marecekindustrie.cz\/de#website","url":"http:\/\/www.marecekindustrie.cz\/de","name":"Mare\u010dek Industrie s.r.o.","description":"marecek, industrie, rafinerie, telc, zamecnicke prace, servisni prace","publisher":{"@id":"http:\/\/www.marecekindustrie.cz\/de#organization"},"alternateName":"Marecek Industrie","potentialAction":[{"@type":"SearchAction","target":{"@type":"EntryPoint","urlTemplate":"http:\/\/www.marecekindustrie.cz\/de?s={search_term_string}"},"query-input":{"@type":"PropertyValueSpecification","valueRequired":true,"valueName":"search_term_string"}}],"inLanguage":"de-DE"},{"@type":"Organization","@id":"http:\/\/www.marecekindustrie.cz\/de#organization","name":"Mare\u010dek Industrie","url":"http:\/\/www.marecekindustrie.cz\/de","logo":{"@type":"ImageObject","inLanguage":"de-DE","@id":"http:\/\/www.marecekindustrie.cz\/de#\/schema\/logo\/image\/","url":"https:\/\/www.marecekindustrie.cz\/wp-content\/uploads\/2025\/02\/1719403160_marecekindustrie-logo.png","contentUrl":"https:\/\/www.marecekindustrie.cz\/wp-content\/uploads\/2025\/02\/1719403160_marecekindustrie-logo.png","width":1240,"height":1240,"caption":"Mare\u010dek Industrie"},"image":{"@id":"http:\/\/www.marecekindustrie.cz\/de#\/schema\/logo\/image\/"}}]}},"_links":{"self":[{"href":"http:\/\/www.marecekindustrie.cz\/de\/wp-json\/wp\/v2\/pages\/403","targetHints":{"allow":["GET"]}}],"collection":[{"href":"http:\/\/www.marecekindustrie.cz\/de\/wp-json\/wp\/v2\/pages"}],"about":[{"href":"http:\/\/www.marecekindustrie.cz\/de\/wp-json\/wp\/v2\/types\/page"}],"author":[{"embeddable":true,"href":"http:\/\/www.marecekindustrie.cz\/de\/wp-json\/wp\/v2\/users\/2"}],"replies":[{"embeddable":true,"href":"http:\/\/www.marecekindustrie.cz\/de\/wp-json\/wp\/v2\/comments?post=403"}],"version-history":[{"count":1,"href":"http:\/\/www.marecekindustrie.cz\/de\/wp-json\/wp\/v2\/pages\/403\/revisions"}],"predecessor-version":[{"id":404,"href":"http:\/\/www.marecekindustrie.cz\/de\/wp-json\/wp\/v2\/pages\/403\/revisions\/404"}],"wp:attachment":[{"href":"http:\/\/www.marecekindustrie.cz\/de\/wp-json\/wp\/v2\/media?parent=403"}],"curies":[{"name":"wp","href":"https:\/\/api.w.org\/{rel}","templated":true}]}}