{"id":407,"date":"2025-02-14T13:15:11","date_gmt":"2025-02-14T12:15:11","guid":{"rendered":"https:\/\/www.marecekindustrie.cz\/?page_id=407"},"modified":"2025-02-14T13:47:19","modified_gmt":"2025-02-14T12:47:19","slug":"cookie-richtlinie","status":"publish","type":"page","link":"http:\/\/www.marecekindustrie.cz\/de\/cookie-richtlinie","title":{"rendered":"Cookie-Richtlinie"},"content":{"rendered":"\n<p>Diese Cookie-Richtlinie wurde zuletzt am 14. Februar 2025 aktualisiert und gilt f\u00fcr B\u00fcrger und Einwohner des Europ\u00e4ischen Wirtschaftsraums.<\/p>\n\n\n\n<p><strong>1. Einleitung<\/strong>&nbsp;Unsere Website&nbsp;<a>https:\/\/www.marecekindustrie.cz<\/a>&nbsp;(im Folgenden als &#8220;Website&#8221; bezeichnet) verwendet Cookies und andere verwandte Technologien (der Einfachheit halber werden alle Technologien als &#8220;Cookies&#8221; bezeichnet). Auch Dritte, die wir einbinden, setzen Cookies. Im folgenden Dokument informieren wir Sie \u00fcber die Verwendung von Cookies auf unserer Website.<\/p>\n\n\n\n<p><strong>2. Was sind Cookies?<\/strong>&nbsp;Ein Cookie ist eine kleine, einfache Datei, die zusammen mit den Seiten dieser Website gesendet und von Ihrem Browser auf der Festplatte Ihres Computers oder eines anderen Ger\u00e4ts gespeichert wird. Die darin gespeicherten Informationen k\u00f6nnen bei einem sp\u00e4teren Besuch an unsere Server oder die Server der betreffenden Drittanbieter zur\u00fcckgesandt werden.<\/p>\n\n\n\n<p><strong>3. Was sind Skripte?<\/strong>&nbsp;Ein Skript ist ein St\u00fcck Programmcode, das verwendet wird, um unsere Website korrekt und interaktiv funktionieren zu lassen. Dieser Code wird auf unserem Server oder auf Ihrem Ger\u00e4t ausgef\u00fchrt.<\/p>\n\n\n\n<p><strong>4. Was ist ein Web-Beacon?<\/strong>&nbsp;Ein Web-Beacon (oder Pixel-Tag) ist ein kleines, unsichtbares St\u00fcck Text oder Bild auf einer Website, das verwendet wird, um den Verkehr auf der Website zu verfolgen. Verschiedene Daten \u00fcber Sie werden mit Hilfe von Web-Beacons gespeichert.<\/p>\n\n\n\n<p><strong>5. Cookies<\/strong><\/p>\n\n\n\n<p><strong>5.1 Technische oder funktionale Cookies<\/strong>&nbsp;Einige Cookies stellen sicher, dass bestimmte Teile der Website korrekt funktionieren und dass Ihre Benutzerpr\u00e4ferenzen bekannt bleiben. Durch das Platzieren funktionaler Cookies erleichtern wir Ihnen den Besuch unserer Website. Auf diese Weise m\u00fcssen Sie nicht wiederholt die gleichen Informationen eingeben, wenn Sie unsere Website besuchen, und beispielsweise bleiben Artikel im Warenkorb, bis Sie bezahlen. Wir k\u00f6nnen diese Cookies ohne Ihre Zustimmung setzen.<\/p>\n\n\n\n<p><strong>5.2 Statistische Cookies<\/strong>&nbsp;Wir verwenden statistische Cookies, um die Website-Erfahrung f\u00fcr unsere Benutzer zu optimieren. Mit diesen statistischen Cookies erhalten wir Einblicke in die Nutzung unserer Website. Wir bitten um Ihre Erlaubnis, statistische Cookies zu setzen.<\/p>\n\n\n\n<p><strong>6. Platzierte Cookies<\/strong>&nbsp;<strong>Andere<\/strong>&nbsp;Zweck noch ausstehend Zustimmung zu anderen Diensten<\/p>\n\n\n\n<p><strong>7. Zustimmung<\/strong>&nbsp;Wenn Sie unsere Website zum ersten Mal besuchen, zeigen wir Ihnen ein Pop-up mit einer Erkl\u00e4rung zu Cookies. Sobald Sie auf &#8220;Pr\u00e4ferenzen speichern&#8221; klicken, stimmen Sie der Nutzung der in diesem Pop-up und in dieser Cookie-Richtlinie beschriebenen Kategorien von Cookies und Plugins zu. Sie k\u00f6nnen die Nutzung von Cookies \u00fcber Ihren Browser deaktivieren, beachten Sie jedoch, dass unsere Website dann m\u00f6glicherweise nicht mehr richtig funktioniert.<\/p>\n\n\n\n<p><strong>7.1 Verwaltung der Zustimmungseinstellungen<\/strong>&nbsp;Sie haben die Cookie-Richtlinie ohne JavaScript-Unterst\u00fctzung geladen. Auf AMP k\u00f6nnen Sie die Schaltfl\u00e4che &#8220;Zustimmung verwalten&#8221; am unteren Rand der Seite verwenden.<\/p>\n\n\n\n<p><strong>8. Aktivieren\/Deaktivieren und L\u00f6schen von Cookies<\/strong>&nbsp;Sie k\u00f6nnen Ihren Internetbrowser verwenden, um Cookies automatisch oder manuell zu l\u00f6schen. Sie k\u00f6nnen auch festlegen, dass bestimmte Cookies nicht gesetzt werden d\u00fcrfen. Eine weitere M\u00f6glichkeit besteht darin, die Einstellungen Ihres Internetbrowsers so zu \u00e4ndern, dass Sie jedes Mal eine Nachricht erhalten, wenn ein Cookie gespeichert wird. Weitere Informationen zu diesen Optionen finden Sie im Hilfebereich Ihres Browsers.<\/p>\n\n\n\n<p>Bitte beachten Sie, dass unsere Website m\u00f6glicherweise nicht richtig funktioniert, wenn alle Cookies deaktiviert sind. Wenn Sie Cookies in Ihrem Browser l\u00f6schen, werden sie erneut platziert, sobald Sie Ihre Zustimmung erteilen, wenn Sie unsere Website erneut besuchen.<\/p>\n\n\n\n<p><strong>9. Ihre Rechte in Bezug auf personenbezogene Daten<\/strong>&nbsp;Hinsichtlich Ihrer personenbezogenen Daten haben Sie die folgenden Rechte:<\/p>\n\n\n\n<ul class=\"wp-block-list\">\n<li>Sie haben das Recht zu erfahren, warum Ihre personenbezogenen Daten ben\u00f6tigt werden, was mit ihnen geschieht und wie lange sie gespeichert werden.<\/li>\n\n\n\n<li>Recht auf Zugang: Sie haben das Recht auf Zugang zu Ihren uns bekannten personenbezogenen Daten.<\/li>\n\n\n\n<li>Recht auf Berichtigung: Sie haben das Recht, Ihre personenbezogenen Daten jederzeit zu erg\u00e4nzen, zu korrigieren, zu l\u00f6schen oder zu sperren.<\/li>\n\n\n\n<li>Wenn Sie uns Ihre Einwilligung zur Verarbeitung Ihrer Daten gegeben haben, haben Sie das Recht, diese Einwilligung zu widerrufen und Ihre personenbezogenen Daten l\u00f6schen zu lassen.<\/li>\n\n\n\n<li>Recht auf Daten\u00fcbertragbarkeit: Sie haben das Recht, alle Ihre personenbezogenen Daten vom Verantwortlichen anzufordern und sie in vollem Umfang an einen anderen Verantwortlichen zu \u00fcbertragen.<\/li>\n\n\n\n<li>Widerspruchsrecht: Sie k\u00f6nnen der Verarbeitung Ihrer Daten widersprechen. Wir setzen dies um, es sei denn, es gibt berechtigte Gr\u00fcnde f\u00fcr die Verarbeitung.<\/li>\n<\/ul>\n\n\n\n<p>Um diese Rechte auszu\u00fcben, kontaktieren Sie uns bitte. Unsere Kontaktdaten finden Sie am Ende dieser Cookie-Richtlinie. Wenn Sie eine Beschwerde dar\u00fcber haben, wie wir mit Ihren Daten umgehen, w\u00fcrden wir gerne davon erfahren, aber Sie haben auch das Recht, eine Beschwerde bei der Aufsichtsbeh\u00f6rde (Amt f\u00fcr den Schutz personenbezogener Daten) einzureichen.<\/p>\n\n\n\n<p><strong>10. Kontaktinformationen<\/strong>&nbsp;Wenn Sie Fragen oder Anmerkungen zu unserer Cookie-Richtlinie und dieser Erkl\u00e4rung haben, kontaktieren Sie uns bitte \u00fcber die folgenden Kontaktdaten:<\/p>\n\n\n\n<p>Mare\u010dek Industrie s.r.o. Svatoj\u00e1nsk\u00e1 465, Tel\u010d-Star\u00e9 M\u011bsto, 588&nbsp;56 Tel\u010d Tschechische Republik Website:&nbsp;<a>https:\/\/www.marecekindustrie.cz<\/a>&nbsp;E-Mail:&nbsp;<a>office@marecek-industrie.cz<\/a>&nbsp;Telefonnummer: +491&nbsp;761&nbsp;681&nbsp;3853<\/p>\n\n\n\n<p>Diese Cookie-Richtlinie wurde mit cookiedatabase.org am (noch nicht synchronisiert) synchronisiert.<\/p>\n","protected":false},"excerpt":{"rendered":"<p>Diese Cookie-Richtlinie wurde zuletzt am 14. Februar 2025 aktualisiert und gilt f\u00fcr B\u00fcrger und Einwohner des Europ\u00e4ischen Wirtschaftsraums. 1. Einleitung&nbsp;Unsere Website&nbsp;https:\/\/www.marecekindustrie.cz&nbsp;(im Folgenden als &#8220;Website&#8221; bezeichnet) verwendet Cookies und andere verwandte Technologien (der &#8230;<\/p>\n","protected":false},"author":2,"featured_media":0,"parent":0,"menu_order":0,"comment_status":"closed","ping_status":"closed","template":"page-templates\/page-default.php","meta":{"_acf_changed":false,"footnotes":""},"class_list":["post-407","page","type-page","status-publish","hentry"],"acf":[],"yoast_head":"<!-- This site is optimized with the Yoast SEO plugin v24.4 - https:\/\/yoast.com\/wordpress\/plugins\/seo\/ -->\n<title>Cookie-Richtlinie &#8212; Mare\u010dek Industrie s.r.o.<\/title>\n<meta name=\"robots\" content=\"index, follow, max-snippet:-1, max-image-preview:large, max-video-preview:-1\" \/>\n<link rel=\"canonical\" href=\"http:\/\/www.marecekindustrie.cz\/de\/cookie-richtlinie\" \/>\n<meta property=\"og:locale\" content=\"de_DE\" \/>\n<meta property=\"og:type\" content=\"article\" \/>\n<meta property=\"og:title\" content=\"Cookie-Richtlinie &#8212; Mare\u010dek Industrie s.r.o.\" \/>\n<meta property=\"og:description\" content=\"Diese Cookie-Richtlinie wurde zuletzt am 14. Februar 2025 aktualisiert und gilt f\u00fcr B\u00fcrger und Einwohner des Europ\u00e4ischen Wirtschaftsraums. 1. Einleitung&nbsp;Unsere Website&nbsp;https:\/\/www.marecekindustrie.cz&nbsp;(im Folgenden als &#8220;Website&#8221; bezeichnet) verwendet Cookies und andere verwandte Technologien (der ...\" \/>\n<meta property=\"og:url\" content=\"http:\/\/www.marecekindustrie.cz\/de\/cookie-richtlinie\" \/>\n<meta property=\"og:site_name\" content=\"Mare\u010dek Industrie s.r.o.\" \/>\n<meta property=\"article:modified_time\" content=\"2025-02-14T12:47:19+00:00\" \/>\n<meta property=\"og:image\" content=\"http:\/\/www.marecekindustrie.cz\/wp-content\/uploads\/2025\/02\/obrazek-marecek-industrie.jpg\" \/>\n\t<meta property=\"og:image:width\" content=\"1200\" \/>\n\t<meta property=\"og:image:height\" content=\"675\" \/>\n\t<meta property=\"og:image:type\" content=\"image\/jpeg\" \/>\n<meta name=\"twitter:card\" content=\"summary_large_image\" \/>\n<meta name=\"twitter:label1\" content=\"Est. reading time\" \/>\n\t<meta name=\"twitter:data1\" content=\"5 minutes\" \/>\n<script type=\"application\/ld+json\" class=\"yoast-schema-graph\">{\"@context\":\"https:\/\/schema.org\",\"@graph\":[{\"@type\":\"WebPage\",\"@id\":\"http:\/\/www.marecekindustrie.cz\/de\/cookie-richtlinie\",\"url\":\"http:\/\/www.marecekindustrie.cz\/de\/cookie-richtlinie\",\"name\":\"Cookie-Richtlinie &#8212; Mare\u010dek Industrie s.r.o.\",\"isPartOf\":{\"@id\":\"http:\/\/www.marecekindustrie.cz\/de#website\"},\"datePublished\":\"2025-02-14T12:15:11+00:00\",\"dateModified\":\"2025-02-14T12:47:19+00:00\",\"breadcrumb\":{\"@id\":\"http:\/\/www.marecekindustrie.cz\/de\/cookie-richtlinie#breadcrumb\"},\"inLanguage\":\"de-DE\",\"potentialAction\":[{\"@type\":\"ReadAction\",\"target\":[\"http:\/\/www.marecekindustrie.cz\/de\/cookie-richtlinie\"]}]},{\"@type\":\"BreadcrumbList\",\"@id\":\"http:\/\/www.marecekindustrie.cz\/de\/cookie-richtlinie#breadcrumb\",\"itemListElement\":[{\"@type\":\"ListItem\",\"position\":1,\"name\":\"Dom\u016f\",\"item\":\"http:\/\/www.marecekindustrie.cz\/de\"},{\"@type\":\"ListItem\",\"position\":2,\"name\":\"Cookie-Richtlinie\"}]},{\"@type\":\"WebSite\",\"@id\":\"http:\/\/www.marecekindustrie.cz\/de#website\",\"url\":\"http:\/\/www.marecekindustrie.cz\/de\",\"name\":\"Mare\u010dek Industrie s.r.o.\",\"description\":\"marecek, industrie, rafinerie, telc, zamecnicke prace, servisni prace\",\"publisher\":{\"@id\":\"http:\/\/www.marecekindustrie.cz\/de#organization\"},\"alternateName\":\"Marecek Industrie\",\"potentialAction\":[{\"@type\":\"SearchAction\",\"target\":{\"@type\":\"EntryPoint\",\"urlTemplate\":\"http:\/\/www.marecekindustrie.cz\/de?s={search_term_string}\"},\"query-input\":{\"@type\":\"PropertyValueSpecification\",\"valueRequired\":true,\"valueName\":\"search_term_string\"}}],\"inLanguage\":\"de-DE\"},{\"@type\":\"Organization\",\"@id\":\"http:\/\/www.marecekindustrie.cz\/de#organization\",\"name\":\"Mare\u010dek Industrie\",\"url\":\"http:\/\/www.marecekindustrie.cz\/de\",\"logo\":{\"@type\":\"ImageObject\",\"inLanguage\":\"de-DE\",\"@id\":\"http:\/\/www.marecekindustrie.cz\/de#\/schema\/logo\/image\/\",\"url\":\"https:\/\/www.marecekindustrie.cz\/wp-content\/uploads\/2025\/02\/1719403160_marecekindustrie-logo.png\",\"contentUrl\":\"https:\/\/www.marecekindustrie.cz\/wp-content\/uploads\/2025\/02\/1719403160_marecekindustrie-logo.png\",\"width\":1240,\"height\":1240,\"caption\":\"Mare\u010dek Industrie\"},\"image\":{\"@id\":\"http:\/\/www.marecekindustrie.cz\/de#\/schema\/logo\/image\/\"}}]}<\/script>\n<!-- \/ Yoast SEO plugin. -->","yoast_head_json":{"title":"Cookie-Richtlinie &#8212; Mare\u010dek Industrie s.r.o.","robots":{"index":"index","follow":"follow","max-snippet":"max-snippet:-1","max-image-preview":"max-image-preview:large","max-video-preview":"max-video-preview:-1"},"canonical":"http:\/\/www.marecekindustrie.cz\/de\/cookie-richtlinie","og_locale":"de_DE","og_type":"article","og_title":"Cookie-Richtlinie &#8212; Mare\u010dek Industrie s.r.o.","og_description":"Diese Cookie-Richtlinie wurde zuletzt am 14. Februar 2025 aktualisiert und gilt f\u00fcr B\u00fcrger und Einwohner des Europ\u00e4ischen Wirtschaftsraums. 1. Einleitung&nbsp;Unsere Website&nbsp;https:\/\/www.marecekindustrie.cz&nbsp;(im Folgenden als &#8220;Website&#8221; bezeichnet) verwendet Cookies und andere verwandte Technologien (der ...","og_url":"http:\/\/www.marecekindustrie.cz\/de\/cookie-richtlinie","og_site_name":"Mare\u010dek Industrie s.r.o.","article_modified_time":"2025-02-14T12:47:19+00:00","og_image":[{"width":1200,"height":675,"url":"http:\/\/www.marecekindustrie.cz\/wp-content\/uploads\/2025\/02\/obrazek-marecek-industrie.jpg","type":"image\/jpeg"}],"twitter_card":"summary_large_image","twitter_misc":{"Est. reading time":"5 minutes"},"schema":{"@context":"https:\/\/schema.org","@graph":[{"@type":"WebPage","@id":"http:\/\/www.marecekindustrie.cz\/de\/cookie-richtlinie","url":"http:\/\/www.marecekindustrie.cz\/de\/cookie-richtlinie","name":"Cookie-Richtlinie &#8212; Mare\u010dek Industrie s.r.o.","isPartOf":{"@id":"http:\/\/www.marecekindustrie.cz\/de#website"},"datePublished":"2025-02-14T12:15:11+00:00","dateModified":"2025-02-14T12:47:19+00:00","breadcrumb":{"@id":"http:\/\/www.marecekindustrie.cz\/de\/cookie-richtlinie#breadcrumb"},"inLanguage":"de-DE","potentialAction":[{"@type":"ReadAction","target":["http:\/\/www.marecekindustrie.cz\/de\/cookie-richtlinie"]}]},{"@type":"BreadcrumbList","@id":"http:\/\/www.marecekindustrie.cz\/de\/cookie-richtlinie#breadcrumb","itemListElement":[{"@type":"ListItem","position":1,"name":"Dom\u016f","item":"http:\/\/www.marecekindustrie.cz\/de"},{"@type":"ListItem","position":2,"name":"Cookie-Richtlinie"}]},{"@type":"WebSite","@id":"http:\/\/www.marecekindustrie.cz\/de#website","url":"http:\/\/www.marecekindustrie.cz\/de","name":"Mare\u010dek Industrie s.r.o.","description":"marecek, industrie, rafinerie, telc, zamecnicke prace, servisni prace","publisher":{"@id":"http:\/\/www.marecekindustrie.cz\/de#organization"},"alternateName":"Marecek Industrie","potentialAction":[{"@type":"SearchAction","target":{"@type":"EntryPoint","urlTemplate":"http:\/\/www.marecekindustrie.cz\/de?s={search_term_string}"},"query-input":{"@type":"PropertyValueSpecification","valueRequired":true,"valueName":"search_term_string"}}],"inLanguage":"de-DE"},{"@type":"Organization","@id":"http:\/\/www.marecekindustrie.cz\/de#organization","name":"Mare\u010dek Industrie","url":"http:\/\/www.marecekindustrie.cz\/de","logo":{"@type":"ImageObject","inLanguage":"de-DE","@id":"http:\/\/www.marecekindustrie.cz\/de#\/schema\/logo\/image\/","url":"https:\/\/www.marecekindustrie.cz\/wp-content\/uploads\/2025\/02\/1719403160_marecekindustrie-logo.png","contentUrl":"https:\/\/www.marecekindustrie.cz\/wp-content\/uploads\/2025\/02\/1719403160_marecekindustrie-logo.png","width":1240,"height":1240,"caption":"Mare\u010dek Industrie"},"image":{"@id":"http:\/\/www.marecekindustrie.cz\/de#\/schema\/logo\/image\/"}}]}},"_links":{"self":[{"href":"http:\/\/www.marecekindustrie.cz\/de\/wp-json\/wp\/v2\/pages\/407","targetHints":{"allow":["GET"]}}],"collection":[{"href":"http:\/\/www.marecekindustrie.cz\/de\/wp-json\/wp\/v2\/pages"}],"about":[{"href":"http:\/\/www.marecekindustrie.cz\/de\/wp-json\/wp\/v2\/types\/page"}],"author":[{"embeddable":true,"href":"http:\/\/www.marecekindustrie.cz\/de\/wp-json\/wp\/v2\/users\/2"}],"replies":[{"embeddable":true,"href":"http:\/\/www.marecekindustrie.cz\/de\/wp-json\/wp\/v2\/comments?post=407"}],"version-history":[{"count":1,"href":"http:\/\/www.marecekindustrie.cz\/de\/wp-json\/wp\/v2\/pages\/407\/revisions"}],"predecessor-version":[{"id":408,"href":"http:\/\/www.marecekindustrie.cz\/de\/wp-json\/wp\/v2\/pages\/407\/revisions\/408"}],"wp:attachment":[{"href":"http:\/\/www.marecekindustrie.cz\/de\/wp-json\/wp\/v2\/media?parent=407"}],"curies":[{"name":"wp","href":"https:\/\/api.w.org\/{rel}","templated":true}]}}